{"id":3574,"date":"2025-09-24T16:57:38","date_gmt":"2025-09-24T14:57:38","guid":{"rendered":"https:\/\/www.line1.de\/jansen\/?page_id=3574"},"modified":"2026-02-16T18:47:11","modified_gmt":"2026-02-16T17:47:11","slug":"news-archiv","status":"publish","type":"page","link":"https:\/\/www.line1.de\/jansen\/news-archiv\/","title":{"rendered":"Zur\u00fcck in die Zukunft"},"content":{"rendered":"<div id=\"pl-3574\"  class=\"panel-layout\" ><div id=\"pg-3574-0\"  class=\"panel-grid panel-no-style\" ><div id=\"pgc-3574-0-0\"  class=\"panel-grid-cell\" ><div id=\"panel-3574-0-0-0\" class=\"so-panel widget widget_siteorigin-panels-postloop panel-first-child panel-last-child\" data-index=\"0\" >\n\t<div id=\"vantage-grid-loop\" class=\"vantage-grid-loop grid-loop-columns-5\">\n\t\t\t\t\t<article class=\"grid-post post-3773 post type-post status-publish format-standard has-post-thumbnail sticky hentry category-allgemein post-with-thumbnail post-with-thumbnail-large\">\n\n\t\t\t\t\t\t\t\t\t<a class=\"grid-thumbnail\" href=\"https:\/\/www.line1.de\/jansen\/2026\/02\/m-walking-on-the-water-neues-album-e\/\">\n\t\t\t\t\t\t<img loading=\"lazy\" decoding=\"async\" width=\"436\" height=\"272\" src=\"https:\/\/www.line1.de\/jansen\/wp-content\/uploads\/2026\/02\/e-436x272.jpg\" class=\"attachment-vantage-grid-loop size-vantage-grid-loop wp-post-image\" alt=\"\" \/>\t\t\t\t\t<\/a>\n\t\t\t\t\n\t\t\t\t<h3><a href=\"https:\/\/www.line1.de\/jansen\/2026\/02\/m-walking-on-the-water-neues-album-e\/\">MWW &#8211; neues Album &#8222;e&#8220;<\/a><\/h3>\n\t\t\t\t<div class=\"excerpt\"><p>Markus Maria Jansen verffentlicht mit MWW ein neues Album. Im November 2025 feierten M. Walking On The Water\u00a0ihr\u00a040-j\u00e4hriges Bestehen: eine Woche lang Kneipenkonzerte im Ruhrgebiet \u2013 ganz im Geist ihrer fr\u00fchen Tage \u2013 und ein [&hellip;]<\/p>\n<\/div>\n\t\t\t\t\t\t\t\t<a class=\"more-button\" href=\"https:\/\/www.line1.de\/jansen\/2026\/02\/m-walking-on-the-water-neues-album-e\/\">weiterlesen... <i><\/i><\/a>\t\t\t<\/article>\n\t\t\t\t\t\t\t\t<article class=\"grid-post post-3781 post type-post status-publish format-standard has-post-thumbnail sticky hentry category-allgemein post-with-thumbnail post-with-thumbnail-large\">\n\n\t\t\t\t\t\t\t\t\t<a class=\"grid-thumbnail\" href=\"https:\/\/www.line1.de\/jansen\/2026\/02\/jansen-band-im-theater\/\">\n\t\t\t\t\t\t<img loading=\"lazy\" decoding=\"async\" width=\"436\" height=\"272\" src=\"https:\/\/www.line1.de\/jansen\/wp-content\/uploads\/2026\/02\/Mann_ist_Mann-436x272.jpg\" class=\"attachment-vantage-grid-loop size-vantage-grid-loop wp-post-image\" alt=\"\" \/>\t\t\t\t\t<\/a>\n\t\t\t\t\n\t\t\t\t<h3><a href=\"https:\/\/www.line1.de\/jansen\/2026\/02\/jansen-band-im-theater\/\">JANSEN-Band im Theater<\/a><\/h3>\n\t\t\t\t<div class=\"excerpt\"><p>Schauspiel Mann ist Mann Ein Lustspiel von Bertolt Brecht \/\/ Musik von Paul Dessau in einer Bearbeitung von Markus Maria Jansen \/\/ Mit weiteren Songs der Band Jansen.\u00a0 Der irische Packer Galy Gay entschlie\u00dft sich, [&hellip;]<\/p>\n<\/div>\n\t\t\t\t\t\t\t\t<a class=\"more-button\" href=\"https:\/\/www.line1.de\/jansen\/2026\/02\/jansen-band-im-theater\/\">weiterlesen... <i><\/i><\/a>\t\t\t<\/article>\n\t\t\t\t\t\t\t\t<article class=\"grid-post post-3606 post type-post status-publish format-standard has-post-thumbnail sticky hentry category-allgemein category-homepage post-with-thumbnail post-with-thumbnail-large\">\n\n\t\t\t\t\t\t\t\t\t<a class=\"grid-thumbnail\" href=\"https:\/\/www.line1.de\/jansen\/2025\/09\/neues-album-auf-all-die-hunde\/\">\n\t\t\t\t\t\t<img loading=\"lazy\" decoding=\"async\" width=\"436\" height=\"272\" src=\"https:\/\/www.line1.de\/jansen\/wp-content\/uploads\/2025\/09\/jANSEN-NEUES-aLBUM-436x272.jpg\" class=\"attachment-vantage-grid-loop size-vantage-grid-loop wp-post-image\" alt=\"\" \/>\t\t\t\t\t<\/a>\n\t\t\t\t\n\t\t\t\t<h3><a href=\"https:\/\/www.line1.de\/jansen\/2025\/09\/neues-album-auf-all-die-hunde\/\">Neues Album &#8222;Auf all die Hunde&#8220;<\/a><\/h3>\n\t\t\t\t<div class=\"excerpt\"><p>Lange nichts mehr von Markus Maria Jansen geh\u00f6rt. Nicht ganz. Sein letztes Solo-Album &#8222;Baby Beuys und die R\u00fccksichtslosigkeit der Hasen&#8220; erschien 2020; das letzte Album &#8222;Lov&#8220; mit M. Walking on the Water &#8222;Lov&#8220;\u00a0 wurde im [&hellip;]<\/p>\n<\/div>\n\t\t\t\t\t\t\t\t<a class=\"more-button\" href=\"https:\/\/www.line1.de\/jansen\/2025\/09\/neues-album-auf-all-die-hunde\/\">weiterlesen... <i><\/i><\/a>\t\t\t<\/article>\n\t\t\t\t\t\t\t\t<article class=\"grid-post post-3824 post type-post status-publish format-standard has-post-thumbnail sticky hentry category-allgemein post-with-thumbnail post-with-thumbnail-large\">\n\n\t\t\t\t\t\t\t\t\t<a class=\"grid-thumbnail\" href=\"https:\/\/www.line1.de\/jansen\/2025\/09\/neuer-drummer-bei-jansen\/\">\n\t\t\t\t\t\t<img loading=\"lazy\" decoding=\"async\" width=\"436\" height=\"272\" src=\"https:\/\/www.line1.de\/jansen\/wp-content\/uploads\/2026\/02\/Drummer_Dirk_Leibenguth_kl-436x272.jpg\" class=\"attachment-vantage-grid-loop size-vantage-grid-loop wp-post-image\" alt=\"\" \/>\t\t\t\t\t<\/a>\n\t\t\t\t\n\t\t\t\t<h3><a href=\"https:\/\/www.line1.de\/jansen\/2025\/09\/neuer-drummer-bei-jansen\/\">Neuer Drummer bei JANSEN<\/a><\/h3>\n\t\t\t\t<div class=\"excerpt\"><p>Dirk Leibenguth, drums \u00a0An den Trommeln begr\u00fcssen wir Herrn Dirk Leibenguth. Nach einer Probe und vier Songs bei zwei Late-Night-Shows bei Herrn Winzen konnte er nicht anders und Markus und Markus auch nicht. Krass gut! [&hellip;]<\/p>\n<\/div>\n\t\t\t\t\t\t\t\t<a class=\"more-button\" href=\"https:\/\/www.line1.de\/jansen\/2025\/09\/neuer-drummer-bei-jansen\/\">weiterlesen... <i><\/i><\/a>\t\t\t<\/article>\n\t\t\t\t\t\t\t\t<article class=\"grid-post post-2542 post type-post status-publish format-standard has-post-thumbnail sticky hentry category-allgemein category-live post-with-thumbnail post-with-thumbnail-large\">\n\n\t\t\t\t\t\t\t\t\t<a class=\"grid-thumbnail\" href=\"https:\/\/www.line1.de\/jansen\/2019\/10\/2542\/\">\n\t\t\t\t\t\t<img loading=\"lazy\" decoding=\"async\" width=\"436\" height=\"272\" src=\"https:\/\/www.line1.de\/jansen\/wp-content\/uploads\/2019\/10\/75196360_505255010331862_4701202783372574720_o-2-436x272.jpg\" class=\"attachment-vantage-grid-loop size-vantage-grid-loop wp-post-image\" alt=\"\" \/>\t\t\t\t\t<\/a>\n\t\t\t\t\n\t\t\t\t<h3><a href=\"https:\/\/www.line1.de\/jansen\/2019\/10\/2542\/\">Jansen auf Tour &#8211; mal heimlich, mal unheimlich<\/a><\/h3>\n\t\t\t\t<div class=\"excerpt\"><p>Im Sp\u00e4therbst ist Jansen wieder f\u00fcr ein paar Gigs auf Tour. Jansen ist immer f\u00fcr eine \u00dcberraschung gut.\u00a0 Die Tour beginnt in Krefeld an einem heimlichen Ort. Eine Anmeldung f\u00fcr dieses Konzert ist notwendig&#8230;. Hallo [&hellip;]<\/p>\n<\/div>\n\t\t\t\t\t\t\t\t<a class=\"more-button\" href=\"https:\/\/www.line1.de\/jansen\/2019\/10\/2542\/\">weiterlesen... <i><\/i><\/a>\t\t\t<\/article>\n\t\t\t<div class=\"clear\"><\/div>\t\t\t\t\t<article class=\"grid-post post-2503 post type-post status-publish format-standard has-post-thumbnail sticky hentry category-allgemein category-theater category-video post-with-thumbnail post-with-thumbnail-large\">\n\n\t\t\t\t\t\t\t\t\t<a class=\"grid-thumbnail\" href=\"https:\/\/www.line1.de\/jansen\/2019\/07\/jansen-trifft-roemo-und-julia\/\">\n\t\t\t\t\t\t<img loading=\"lazy\" decoding=\"async\" width=\"436\" height=\"272\" src=\"https:\/\/www.line1.de\/jansen\/wp-content\/uploads\/2019\/08\/RomeoUndJulia-01-1-436x272.jpg\" class=\"attachment-vantage-grid-loop size-vantage-grid-loop wp-post-image\" alt=\"\" \/>\t\t\t\t\t<\/a>\n\t\t\t\t\n\t\t\t\t<h3><a href=\"https:\/\/www.line1.de\/jansen\/2019\/07\/jansen-trifft-roemo-und-julia\/\">Jansen Videointerview zu Romeo und Julia<\/a><\/h3>\n\t\t\t\t<div class=\"excerpt\"><p>Markus Maria Jansen tanzt seit Jahren auf mehreren Hochzeiten. Neben seiner Band JANSEN gibt er noch mit seiner andern Band, der Short-Distance-Psycho-Folk-Band\u00a0M.Walking On The Water, regelm\u00e4\u00dfig Konzerte und ver\u00f6ffentlicht Musikalben. Dogma 13&#8243; im Mai 2018, [&hellip;]<\/p>\n<\/div>\n\t\t\t\t\t\t\t\t<a class=\"more-button\" href=\"https:\/\/www.line1.de\/jansen\/2019\/07\/jansen-trifft-roemo-und-julia\/\">weiterlesen... <i><\/i><\/a>\t\t\t<\/article>\n\t\t\t\t\t\t\t\t<article class=\"grid-post post-2398 post type-post status-publish format-standard has-post-thumbnail sticky hentry category-allgemein category-newsletter post-with-thumbnail post-with-thumbnail-large\">\n\n\t\t\t\t\t\t\t\t\t<a class=\"grid-thumbnail\" href=\"https:\/\/www.line1.de\/jansen\/2018\/08\/rezension-in-der-gitarre-bass-juli-2018\/\">\n\t\t\t\t\t\t<img loading=\"lazy\" decoding=\"async\" width=\"436\" height=\"272\" src=\"https:\/\/www.line1.de\/jansen\/wp-content\/uploads\/2018\/07\/GB-Header-436x272.jpg\" class=\"attachment-vantage-grid-loop size-vantage-grid-loop wp-post-image\" alt=\"\" \/>\t\t\t\t\t<\/a>\n\t\t\t\t\n\t\t\t\t<h3><a href=\"https:\/\/www.line1.de\/jansen\/2018\/08\/rezension-in-der-gitarre-bass-juli-2018\/\">Rezension in der Gitarre &#038; Bass Juli 2018<\/a><\/h3>\n\t\t\t\t<div class=\"excerpt\"><p>021In der Gitarre &amp; Bass, Ausgabe Juli 2018, wurden die aktuellen Platten von M. Walking On The Water (&#8222;Dogma 13&#8222;) und Jansen (&#8222;Die Unschuld der Geb\u00e4ude&#8222;) in der Rubrik VINYL vorgestellt. 3113101 Vielen Dank an [&hellip;]<\/p>\n<\/div>\n\t\t\t\t\t\t\t\t<a class=\"more-button\" href=\"https:\/\/www.line1.de\/jansen\/2018\/08\/rezension-in-der-gitarre-bass-juli-2018\/\">weiterlesen... <i><\/i><\/a>\t\t\t<\/article>\n\t\t\t\t\t\t\t\t<article class=\"grid-post post-2055 post type-post status-publish format-standard has-post-thumbnail sticky hentry category-allgemein post-with-thumbnail post-with-thumbnail-large\">\n\n\t\t\t\t\t\t\t\t\t<a class=\"grid-thumbnail\" href=\"https:\/\/www.line1.de\/jansen\/2017\/12\/2055\/\">\n\t\t\t\t\t\t<img loading=\"lazy\" decoding=\"async\" width=\"436\" height=\"272\" src=\"https:\/\/www.line1.de\/jansen\/wp-content\/uploads\/2017\/12\/unschuld-436x272.jpg\" class=\"attachment-vantage-grid-loop size-vantage-grid-loop wp-post-image\" alt=\"\" \/>\t\t\t\t\t<\/a>\n\t\t\t\t\n\t\t\t\t<h3><a href=\"https:\/\/www.line1.de\/jansen\/2017\/12\/2055\/\">Im Fr\u00fchjahr wird es neue Platten regnen<\/a><\/h3>\n\t\t\t\t<div class=\"excerpt\"><p>Aktuelle Informationen von Markus Maris Jansen:\u00a0&#8222;Im Fr\u00fchjahr wird es eine neue Platten regnen&#8230;bin bei der Arbeit&#8230;!&#8220; JANSEN-Band: &#8222;Die Unschuld der Geb\u00e4ude&#8220; only Vinyl, limitierte Auflage,\u00a0 300 St\u00fcck. ausf\u00fchrliche Informationen zu dem Album &#8222;Die Unschuld der [&hellip;]<\/p>\n<\/div>\n\t\t\t\t\t\t\t\t<a class=\"more-button\" href=\"https:\/\/www.line1.de\/jansen\/2017\/12\/2055\/\">weiterlesen... <i><\/i><\/a>\t\t\t<\/article>\n\t\t\t\t\t\t\t\t<article class=\"grid-post post-3647 post type-post status-publish format-standard has-post-thumbnail hentry category-allgemein category-homepage category-live post-with-thumbnail post-with-thumbnail-large\">\n\n\t\t\t\t\t\t\t\t\t<a class=\"grid-thumbnail\" href=\"https:\/\/www.line1.de\/jansen\/2025\/09\/jubilee-tour-m-walking-on-the-water-oktober-2025\/\">\n\t\t\t\t\t\t<img loading=\"lazy\" decoding=\"async\" width=\"436\" height=\"272\" src=\"https:\/\/www.line1.de\/jansen\/wp-content\/uploads\/2025\/09\/Jubilee-Tour_Okrober_2025-436x272.jpg\" class=\"attachment-vantage-grid-loop size-vantage-grid-loop wp-post-image\" alt=\"\" \/>\t\t\t\t\t<\/a>\n\t\t\t\t\n\t\t\t\t<h3><a href=\"https:\/\/www.line1.de\/jansen\/2025\/09\/jubilee-tour-m-walking-on-the-water-oktober-2025\/\">Jubilee-Tour M. Walking On The Water &#8211; Oktober 2025<\/a><\/h3>\n\t\t\t\t<div class=\"excerpt\"><p>(Video: Teaser I &#8211; Fotos Philip Lethen) Eine der Top-Indiebands der 90iger feiert ihren Vierzigsten! 1985 zogen sie eine Woche spontan durch die Metropolen des Ruhrgebiets und fragten in den Kneipen, ob sie mal ne [&hellip;]<\/p>\n<\/div>\n\t\t\t\t\t\t\t\t<a class=\"more-button\" href=\"https:\/\/www.line1.de\/jansen\/2025\/09\/jubilee-tour-m-walking-on-the-water-oktober-2025\/\">weiterlesen... <i><\/i><\/a>\t\t\t<\/article>\n\t\t\t\t\t\t\t\t<article class=\"grid-post post-3609 post type-post status-publish format-standard has-post-thumbnail hentry category-live tag-dj-heinz tag-jansen-live tag-krefeld-klaerwerk tag-taz-in-den-mai post-with-thumbnail post-with-thumbnail-large\">\n\n\t\t\t\t\t\t\t\t\t<a class=\"grid-thumbnail\" href=\"https:\/\/www.line1.de\/jansen\/2025\/04\/30-04-2025-tanz-in-den-mai-mit-jansen\/\">\n\t\t\t\t\t\t<img loading=\"lazy\" decoding=\"async\" width=\"436\" height=\"272\" src=\"https:\/\/www.line1.de\/jansen\/wp-content\/uploads\/2025\/04\/Janse-Klaerwerk-Kr--436x272.jpg\" class=\"attachment-vantage-grid-loop size-vantage-grid-loop wp-post-image\" alt=\"\" \/>\t\t\t\t\t<\/a>\n\t\t\t\t\n\t\t\t\t<h3><a href=\"https:\/\/www.line1.de\/jansen\/2025\/04\/30-04-2025-tanz-in-den-mai-mit-jansen\/\">30.04.2025 Tanz in den Mai mit JANSEN<\/a><\/h3>\n\t\t\t\t<div class=\"excerpt\"><p>Tanz in den Mai: kl\u00e4ryourheadoff. Open your mind. dance! 30.04.2025\u00a0\/\u00a020:00\u00a0\u2013\u00a001.05.2025\u00a0\/\u00a02:00 Ein gepflegter DJ-Tanzabend in einer der \u00e4ltesten Kl\u00e4ranlagen der Welt, das h\u00f6rt sich doch ganz nach Berlin, Paris oder gar London an. Nichts da, nur [&hellip;]<\/p>\n<\/div>\n\t\t\t\t\t\t\t\t<a class=\"more-button\" href=\"https:\/\/www.line1.de\/jansen\/2025\/04\/30-04-2025-tanz-in-den-mai-mit-jansen\/\">weiterlesen... <i><\/i><\/a>\t\t\t<\/article>\n\t\t\t<div class=\"clear\"><\/div>\t\t\t\t\t<article class=\"grid-post post-3614 post type-post status-publish format-standard has-post-thumbnail hentry category-allgemein tag-40-jahre-m-walking-on-the-water post-with-thumbnail post-with-thumbnail-large\">\n\n\t\t\t\t\t\t\t\t\t<a class=\"grid-thumbnail\" href=\"https:\/\/www.line1.de\/jansen\/2025\/04\/40-jahre-m-walking-on-the-water\/\">\n\t\t\t\t\t\t<img loading=\"lazy\" decoding=\"async\" width=\"436\" height=\"272\" src=\"https:\/\/www.line1.de\/jansen\/wp-content\/uploads\/2025\/04\/MWW-Live-Elysian-Tour-436x272.jpg\" class=\"attachment-vantage-grid-loop size-vantage-grid-loop wp-post-image\" alt=\"\" \/>\t\t\t\t\t<\/a>\n\t\t\t\t\n\t\t\t\t<h3><a href=\"https:\/\/www.line1.de\/jansen\/2025\/04\/40-jahre-m-walking-on-the-water\/\">M. Walking On The Water nehmen Live-Album auf. Du kannst dabei sein!<\/a><\/h3>\n\t\t\t\t<div class=\"excerpt\"><p>Jubil\u00e4um &#8211; 40 Jahre M. Walking on The Water Richtig gelesen,\u00a0 40 Jahre (!) sind bereits vergangen! Verdampt lang her! R\u00fcckblick 1987 gewann die Band das \u201eRuhr-Rock-Festival\u201c.\u00a0Herbert Gr\u00f6nemeyer\u00a0war ein Fan dieser jungen Band. Ihre erste, [&hellip;]<\/p>\n<\/div>\n\t\t\t\t\t\t\t\t<a class=\"more-button\" href=\"https:\/\/www.line1.de\/jansen\/2025\/04\/40-jahre-m-walking-on-the-water\/\">weiterlesen... <i><\/i><\/a>\t\t\t<\/article>\n\t\t\t\t\t\t\t\t<article class=\"grid-post post-3507 post type-post status-publish format-standard has-post-thumbnail hentry category-live post-with-thumbnail post-with-thumbnail-large\">\n\n\t\t\t\t\t\t\t\t\t<a class=\"grid-thumbnail\" href=\"https:\/\/www.line1.de\/jansen\/2023\/07\/m-walking-on-the-water-live-im-herbst-2023\/\">\n\t\t\t\t\t\t<img loading=\"lazy\" decoding=\"async\" width=\"436\" height=\"272\" src=\"https:\/\/www.line1.de\/jansen\/wp-content\/uploads\/2023\/07\/Pferd-MWW-436x272.jpg\" class=\"attachment-vantage-grid-loop size-vantage-grid-loop wp-post-image\" alt=\"\" \/>\t\t\t\t\t<\/a>\n\t\t\t\t\n\t\t\t\t<h3><a href=\"https:\/\/www.line1.de\/jansen\/2023\/07\/m-walking-on-the-water-live-im-herbst-2023\/\">M. Walking On The Water &#8211; live im Herbst 2023<\/a><\/h3>\n\t\t\t\t<div class=\"excerpt\"><p>Live 26.10.23 Frankfurt\/M. Brotfabrik 27.10.23 K\u00f6ln Blue Shell 28.10.23 Krefeld Kl\u00e4rwerk (nur Achtung: nur 200 Tickets)<\/p>\n<\/div>\n\t\t\t\t\t\t\t\t<a class=\"more-button\" href=\"https:\/\/www.line1.de\/jansen\/2023\/07\/m-walking-on-the-water-live-im-herbst-2023\/\">weiterlesen... <i><\/i><\/a>\t\t\t<\/article>\n\t\t\t\t\t\t\t\t<article class=\"grid-post post-3488 post type-post status-publish format-standard has-post-thumbnail hentry category-live post-with-thumbnail post-with-thumbnail-large\">\n\n\t\t\t\t\t\t\t\t\t<a class=\"grid-thumbnail\" href=\"https:\/\/www.line1.de\/jansen\/2023\/06\/m-walking-on-the-water-live-in-krefeld-01-06-2023\/\">\n\t\t\t\t\t\t<img loading=\"lazy\" decoding=\"async\" width=\"436\" height=\"272\" src=\"https:\/\/www.line1.de\/jansen\/wp-content\/uploads\/2023\/06\/MWW-Haus-Esters-2023-436x272.jpg\" class=\"attachment-vantage-grid-loop size-vantage-grid-loop wp-post-image\" alt=\"\" \/>\t\t\t\t\t<\/a>\n\t\t\t\t\n\t\t\t\t<h3><a href=\"https:\/\/www.line1.de\/jansen\/2023\/06\/m-walking-on-the-water-live-in-krefeld-01-06-2023\/\">M. Walking On The Water &#8211; Live in Krefeld &#8211; 01.06.2023<\/a><\/h3>\n\t\t\t\t<div class=\"excerpt\"><p>Sommer spezial. Kunst und Design aus Krefeld Die Kunstmuseen Krefeld laden zum n\u00e4chsten Kunst-Impuls unter dem Motto \u201eSommer spezial. Kunst und Design aus Krefeld&#8220; im Rahmen des 650. Stadtjubil\u00e4ums ein: am Donnerstag, 1. Juni, von [&hellip;]<\/p>\n<\/div>\n\t\t\t\t\t\t\t\t<a class=\"more-button\" href=\"https:\/\/www.line1.de\/jansen\/2023\/06\/m-walking-on-the-water-live-in-krefeld-01-06-2023\/\">weiterlesen... <i><\/i><\/a>\t\t\t<\/article>\n\t\t\t\t\t\t\t\t<article class=\"grid-post post-3480 post type-post status-publish format-standard has-post-thumbnail hentry category-allgemein category-live post-with-thumbnail post-with-thumbnail-large\">\n\n\t\t\t\t\t\t\t\t\t<a class=\"grid-thumbnail\" href=\"https:\/\/www.line1.de\/jansen\/2023\/02\/live-im-seidenweberhaus\/\">\n\t\t\t\t\t\t<img loading=\"lazy\" decoding=\"async\" width=\"436\" height=\"272\" src=\"https:\/\/www.line1.de\/jansen\/wp-content\/uploads\/2023\/02\/MMinKR_meets_orchestra_WEB_2-800x0-c-default-436x272.jpg\" class=\"attachment-vantage-grid-loop size-vantage-grid-loop wp-post-image\" alt=\"\" \/>\t\t\t\t\t<\/a>\n\t\t\t\t\n\t\t\t\t<h3><a href=\"https:\/\/www.line1.de\/jansen\/2023\/02\/live-im-seidenweberhaus\/\">Live im Seidenweberhaus &#8211; Jansen, MWW und andere Bands aus Krefeld<\/a><\/h3>\n\t\t\t\t<div class=\"excerpt\"><p>&nbsp; Die Niederrheinischen Sinfoniker stehen gemeinsam mit Krefelder Bands und Solok\u00fcnstlern auf der B\u00fchne. Mit dabei sind: Alex\u00b4s kept secret, Black Mesa, das Provinztheater, Dear Wolf, JANSEN, KOTZMANN, M. walking on the water, Mondo MashUp, [&hellip;]<\/p>\n<\/div>\n\t\t\t\t\t\t\t\t<a class=\"more-button\" href=\"https:\/\/www.line1.de\/jansen\/2023\/02\/live-im-seidenweberhaus\/\">weiterlesen... <i><\/i><\/a>\t\t\t<\/article>\n\t\t\t\t\t\t<\/div>\n\n\t\t<nav role=\"navigation\" id=\"nav-below\" class=\"site-navigation paging-navigation\">\n\t\t<h1 class=\"assistive-text\">Beitragsnavigation<\/h1>\n\n\t\n\t\t<div class='pagination'><span aria-current=\"page\" class=\"page-numbers current\">1<\/span>\n<a class=\"page-numbers\" href=\"https:\/\/www.line1.de\/jansen\/wp-json\/wp\/v2\/pages\/3574\/page\/2\/\">2<\/a>\n<a class=\"page-numbers\" href=\"https:\/\/www.line1.de\/jansen\/wp-json\/wp\/v2\/pages\/3574\/page\/3\/\">3<\/a>\n<a class=\"page-numbers\" href=\"https:\/\/www.line1.de\/jansen\/wp-json\/wp\/v2\/pages\/3574\/page\/4\/\">4<\/a>\n<a class=\"page-numbers\" href=\"https:\/\/www.line1.de\/jansen\/wp-json\/wp\/v2\/pages\/3574\/page\/5\/\">5<\/a>\n<a class=\"page-numbers\" href=\"https:\/\/www.line1.de\/jansen\/wp-json\/wp\/v2\/pages\/3574\/page\/6\/\">6<\/a>\n<a class=\"page-numbers\" href=\"https:\/\/www.line1.de\/jansen\/wp-json\/wp\/v2\/pages\/3574\/page\/7\/\">7<\/a>\n<a class=\"next page-numbers\" href=\"https:\/\/www.line1.de\/jansen\/wp-json\/wp\/v2\/pages\/3574\/page\/2\/\">Weiter &raquo;<\/a><\/div>\n\n\t\n\t<\/nav><!-- #nav-below -->\n\t\n<\/div><\/div><\/div><div id=\"pg-3574-1\"  class=\"panel-grid panel-no-style\" ><div id=\"pgc-3574-1-0\"  class=\"panel-grid-cell panel-grid-cell-empty\" ><\/div><\/div><\/div>","protected":false},"excerpt":{"rendered":"<p>MWW &#8211; neues Album &#8222;e&#8220; Markus Maria Jansen verffentlicht mit MWW ein neues Album. Im November 2025 feierten M. Walking On The Water\u00a0ihr\u00a040-j\u00e4hriges Bestehen: eine Woche lang Kneipenkonzerte im Ruhrgebiet \u2013 ganz im Geist ihrer [&hellip;]<\/p>\n","protected":false},"author":1,"featured_media":0,"parent":0,"menu_order":0,"comment_status":"closed","ping_status":"closed","template":"","meta":{"cybocfi_hide_featured_image":"","footnotes":""},"class_list":["post-3574","page","type-page","status-publish","hentry","post"],"yoast_head":"<!-- This site is optimized with the Yoast SEO plugin v27.5 - https:\/\/yoast.com\/product\/yoast-seo-wordpress\/ -->\n<title>Zur\u00fcck in die Zukunft ~ www.jansennetz.de<\/title>\n<meta name=\"robots\" content=\"index, follow, max-snippet:-1, max-image-preview:large, max-video-preview:-1\" \/>\n<link rel=\"canonical\" href=\"https:\/\/www.line1.de\/jansen\/news-archiv\/\" \/>\n<meta property=\"og:locale\" content=\"de_DE\" \/>\n<meta property=\"og:type\" content=\"article\" \/>\n<meta property=\"og:title\" content=\"Zur\u00fcck in die Zukunft ~ www.jansennetz.de\" \/>\n<meta property=\"og:description\" content=\"MWW &#8211; neues Album &#8222;e&#8220; Markus Maria Jansen verffentlicht mit MWW ein neues Album. Im November 2025 feierten M. Walking On The Water\u00a0ihr\u00a040-j\u00e4hriges Bestehen: eine Woche lang Kneipenkonzerte im Ruhrgebiet \u2013 ganz im Geist ihrer [&hellip;]\" \/>\n<meta property=\"og:url\" content=\"https:\/\/www.line1.de\/jansen\/news-archiv\/\" \/>\n<meta property=\"og:site_name\" content=\"www.jansennetz.de\" \/>\n<meta property=\"article:modified_time\" content=\"2026-02-16T17:47:11+00:00\" \/>\n<meta property=\"og:image\" content=\"https:\/\/www.line1.de\/jansen\/wp-content\/uploads\/2019\/10\/Jansen-03-10-2019-Haus-Esters-Krefeld.jpg\" \/>\n\t<meta property=\"og:image:width\" content=\"2048\" \/>\n\t<meta property=\"og:image:height\" content=\"1365\" \/>\n\t<meta property=\"og:image:type\" content=\"image\/jpeg\" \/>\n<meta name=\"twitter:card\" content=\"summary_large_image\" \/>\n<script type=\"application\/ld+json\" class=\"yoast-schema-graph\">{\"@context\":\"https:\\\/\\\/schema.org\",\"@graph\":[{\"@type\":\"WebPage\",\"@id\":\"https:\\\/\\\/www.line1.de\\\/jansen\\\/news-archiv\\\/\",\"url\":\"https:\\\/\\\/www.line1.de\\\/jansen\\\/news-archiv\\\/\",\"name\":\"Zur\u00fcck in die Zukunft ~ www.jansennetz.de\",\"isPartOf\":{\"@id\":\"https:\\\/\\\/www.line1.de\\\/jansen\\\/#website\"},\"datePublished\":\"2025-09-24T14:57:38+00:00\",\"dateModified\":\"2026-02-16T17:47:11+00:00\",\"breadcrumb\":{\"@id\":\"https:\\\/\\\/www.line1.de\\\/jansen\\\/news-archiv\\\/#breadcrumb\"},\"inLanguage\":\"de\",\"potentialAction\":[{\"@type\":\"ReadAction\",\"target\":[\"https:\\\/\\\/www.line1.de\\\/jansen\\\/news-archiv\\\/\"]}]},{\"@type\":\"BreadcrumbList\",\"@id\":\"https:\\\/\\\/www.line1.de\\\/jansen\\\/news-archiv\\\/#breadcrumb\",\"itemListElement\":[{\"@type\":\"ListItem\",\"position\":1,\"name\":\"Startseite\",\"item\":\"https:\\\/\\\/www.line1.de\\\/jansen\\\/\"},{\"@type\":\"ListItem\",\"position\":2,\"name\":\"Zur\u00fcck in die Zukunft\"}]},{\"@type\":\"WebSite\",\"@id\":\"https:\\\/\\\/www.line1.de\\\/jansen\\\/#website\",\"url\":\"https:\\\/\\\/www.line1.de\\\/jansen\\\/\",\"name\":\"www.jansennetz.de\",\"description\":\"www.jansennetz.de\",\"potentialAction\":[{\"@type\":\"SearchAction\",\"target\":{\"@type\":\"EntryPoint\",\"urlTemplate\":\"https:\\\/\\\/www.line1.de\\\/jansen\\\/?s={search_term_string}\"},\"query-input\":{\"@type\":\"PropertyValueSpecification\",\"valueRequired\":true,\"valueName\":\"search_term_string\"}}],\"inLanguage\":\"de\"}]}<\/script>\n<!-- \/ Yoast SEO plugin. -->","yoast_head_json":{"title":"Zur\u00fcck in die Zukunft ~ www.jansennetz.de","robots":{"index":"index","follow":"follow","max-snippet":"max-snippet:-1","max-image-preview":"max-image-preview:large","max-video-preview":"max-video-preview:-1"},"canonical":"https:\/\/www.line1.de\/jansen\/news-archiv\/","og_locale":"de_DE","og_type":"article","og_title":"Zur\u00fcck in die Zukunft ~ www.jansennetz.de","og_description":"MWW &#8211; neues Album &#8222;e&#8220; Markus Maria Jansen verffentlicht mit MWW ein neues Album. Im November 2025 feierten M. Walking On The Water\u00a0ihr\u00a040-j\u00e4hriges Bestehen: eine Woche lang Kneipenkonzerte im Ruhrgebiet \u2013 ganz im Geist ihrer [&hellip;]","og_url":"https:\/\/www.line1.de\/jansen\/news-archiv\/","og_site_name":"www.jansennetz.de","article_modified_time":"2026-02-16T17:47:11+00:00","og_image":[{"width":2048,"height":1365,"url":"https:\/\/www.line1.de\/jansen\/wp-content\/uploads\/2019\/10\/Jansen-03-10-2019-Haus-Esters-Krefeld.jpg","type":"image\/jpeg"}],"twitter_card":"summary_large_image","schema":{"@context":"https:\/\/schema.org","@graph":[{"@type":"WebPage","@id":"https:\/\/www.line1.de\/jansen\/news-archiv\/","url":"https:\/\/www.line1.de\/jansen\/news-archiv\/","name":"Zur\u00fcck in die Zukunft ~ www.jansennetz.de","isPartOf":{"@id":"https:\/\/www.line1.de\/jansen\/#website"},"datePublished":"2025-09-24T14:57:38+00:00","dateModified":"2026-02-16T17:47:11+00:00","breadcrumb":{"@id":"https:\/\/www.line1.de\/jansen\/news-archiv\/#breadcrumb"},"inLanguage":"de","potentialAction":[{"@type":"ReadAction","target":["https:\/\/www.line1.de\/jansen\/news-archiv\/"]}]},{"@type":"BreadcrumbList","@id":"https:\/\/www.line1.de\/jansen\/news-archiv\/#breadcrumb","itemListElement":[{"@type":"ListItem","position":1,"name":"Startseite","item":"https:\/\/www.line1.de\/jansen\/"},{"@type":"ListItem","position":2,"name":"Zur\u00fcck in die Zukunft"}]},{"@type":"WebSite","@id":"https:\/\/www.line1.de\/jansen\/#website","url":"https:\/\/www.line1.de\/jansen\/","name":"www.jansennetz.de","description":"www.jansennetz.de","potentialAction":[{"@type":"SearchAction","target":{"@type":"EntryPoint","urlTemplate":"https:\/\/www.line1.de\/jansen\/?s={search_term_string}"},"query-input":{"@type":"PropertyValueSpecification","valueRequired":true,"valueName":"search_term_string"}}],"inLanguage":"de"}]}},"_links":{"self":[{"href":"https:\/\/www.line1.de\/jansen\/wp-json\/wp\/v2\/pages\/3574","targetHints":{"allow":["GET"]}}],"collection":[{"href":"https:\/\/www.line1.de\/jansen\/wp-json\/wp\/v2\/pages"}],"about":[{"href":"https:\/\/www.line1.de\/jansen\/wp-json\/wp\/v2\/types\/page"}],"author":[{"embeddable":true,"href":"https:\/\/www.line1.de\/jansen\/wp-json\/wp\/v2\/users\/1"}],"replies":[{"embeddable":true,"href":"https:\/\/www.line1.de\/jansen\/wp-json\/wp\/v2\/comments?post=3574"}],"version-history":[{"count":20,"href":"https:\/\/www.line1.de\/jansen\/wp-json\/wp\/v2\/pages\/3574\/revisions"}],"predecessor-version":[{"id":3803,"href":"https:\/\/www.line1.de\/jansen\/wp-json\/wp\/v2\/pages\/3574\/revisions\/3803"}],"wp:attachment":[{"href":"https:\/\/www.line1.de\/jansen\/wp-json\/wp\/v2\/media?parent=3574"}],"curies":[{"name":"wp","href":"https:\/\/api.w.org\/{rel}","templated":true}]}}