{"id":1689,"date":"2014-12-22T11:47:04","date_gmt":"2014-12-22T09:47:04","guid":{"rendered":"http:\/\/www.line1.de\/jansen\/?page_id=1689"},"modified":"2025-09-25T14:45:05","modified_gmt":"2025-09-25T12:45:05","slug":"audio","status":"publish","type":"page","link":"https:\/\/www.line1.de\/jansen\/media-2\/audio\/audio\/","title":{"rendered":"Audio"},"content":{"rendered":"<div id=\"pl-1689\"  class=\"panel-layout\" ><div id=\"pg-1689-0\"  class=\"panel-grid panel-no-style\" ><div id=\"pgc-1689-0-0\"  class=\"panel-grid-cell\" ><div id=\"panel-1689-0-0-0\" class=\"so-panel widget widget_siteorigin-panels-postloop panel-first-child panel-last-child\" data-index=\"0\" ><h3 class=\"widget-title\">Ver\u00f6ffentlichungen<\/h3>\n\t<div id=\"vantage-grid-loop\" class=\"vantage-grid-loop grid-loop-columns-5\">\n\t\t\t\t\t<article class=\"grid-post post-2670 post type-post status-publish format-standard has-post-thumbnail hentry category-alben category-allgemein category-voe post-with-thumbnail post-with-thumbnail-large\">\n\n\t\t\t\t\t\t\t\t\t<a class=\"grid-thumbnail\" href=\"https:\/\/www.line1.de\/jansen\/2020\/08\/angekuendigt-baby-beuys-und-die-ruecksichtslosigkeit-der-hasen\/\">\n\t\t\t\t\t\t<img loading=\"lazy\" decoding=\"async\" width=\"436\" height=\"272\" src=\"https:\/\/www.line1.de\/jansen\/wp-content\/uploads\/2020\/08\/Baby-Beuys-e1604238341300-436x272.jpg\" class=\"attachment-vantage-grid-loop size-vantage-grid-loop wp-post-image\" alt=\"\" \/>\t\t\t\t\t<\/a>\n\t\t\t\t\n\t\t\t\t<h3><a href=\"https:\/\/www.line1.de\/jansen\/2020\/08\/angekuendigt-baby-beuys-und-die-ruecksichtslosigkeit-der-hasen\/\">Baby Beuys und die R\u00fccksichtslosigkeit der Hasen (Album, 2020)<\/a><\/h3>\n\t\t\t\t<div class=\"excerpt\"><p>Der Lockdown im Fr\u00fchjahr hat im Frontman von M. Walking On The Water und JANSEN\u00a0 ganz neue k\u00fcnstlerische Aspekte als Musiker, S\u00e4nger, Texter und bildender K\u00fcnstler hervorgebracht. Mit\u00a0Baby Beuys und die R\u00fccksichtslosigkeit der Hasen\u00a0pr\u00e4sentiert Markus [&hellip;]<\/p>\n<\/div>\n\t\t\t\t\t\t\t\t<a class=\"more-button\" href=\"https:\/\/www.line1.de\/jansen\/2020\/08\/angekuendigt-baby-beuys-und-die-ruecksichtslosigkeit-der-hasen\/\">weiterlesen... <i><\/i><\/a>\t\t\t<\/article>\n\t\t\t\t\t\t\t\t<article class=\"grid-post post-2379 post type-post status-publish format-standard has-post-thumbnail hentry category-alben category-voe post-with-thumbnail post-with-thumbnail-large\">\n\n\t\t\t\t\t\t\t\t\t<a class=\"grid-thumbnail\" href=\"https:\/\/www.line1.de\/jansen\/2018\/04\/lp-die-unschuld-der-gebaeude-2-2\/\">\n\t\t\t\t\t\t<img loading=\"lazy\" decoding=\"async\" width=\"436\" height=\"272\" src=\"https:\/\/www.line1.de\/jansen\/wp-content\/uploads\/2018\/03\/cover-436x272.jpg\" class=\"attachment-vantage-grid-loop size-vantage-grid-loop wp-post-image\" alt=\"\" \/>\t\t\t\t\t<\/a>\n\t\t\t\t\n\t\t\t\t<h3><a href=\"https:\/\/www.line1.de\/jansen\/2018\/04\/lp-die-unschuld-der-gebaeude-2-2\/\">Die Unschuld der Geb\u00e4ude (Album, 2018)<\/a><\/h3>\n\t\t\t\t<div class=\"excerpt\"><p>JANSEN &nbsp;\u201cDie Unschuld der Geb\u00e4ude\u201d Kurzinfo EAN: 825427302816 Artikel-Nr.: 2730281 Format: Vinyl LP V\u00f6-Datum: 21.04.2018 Publisher: Rattay Music \/ Rent A Dog Genre: Avantgarde Zum Record Store Day 2018, 21. Apri 2018, feiert JANSEN sein [&hellip;]<\/p>\n<\/div>\n\t\t\t\t\t\t\t\t<a class=\"more-button\" href=\"https:\/\/www.line1.de\/jansen\/2018\/04\/lp-die-unschuld-der-gebaeude-2-2\/\">weiterlesen... <i><\/i><\/a>\t\t\t<\/article>\n\t\t\t\t\t\t\t\t<article class=\"grid-post post-862 post type-post status-publish format-standard has-post-thumbnail hentry category-dvd category-video category-voe post-with-thumbnail post-with-thumbnail-large\">\n\n\t\t\t\t\t\t\t\t\t<a class=\"grid-thumbnail\" href=\"https:\/\/www.line1.de\/jansen\/2005\/10\/fuer-15-euro-nasses-hundekino-2004\/\">\n\t\t\t\t\t\t<img loading=\"lazy\" decoding=\"async\" width=\"436\" height=\"272\" src=\"https:\/\/www.line1.de\/jansen\/wp-content\/uploads\/2014\/10\/hudekino-436x272.jpg\" class=\"attachment-vantage-grid-loop size-vantage-grid-loop wp-post-image\" alt=\"\" \/>\t\t\t\t\t<\/a>\n\t\t\t\t\n\t\t\t\t<h3><a href=\"https:\/\/www.line1.de\/jansen\/2005\/10\/fuer-15-euro-nasses-hundekino-2004\/\">F\u00fcr 15 \u20ac nasses Hundekino (DVD, 2004)<\/a><\/h3>\n\t\t\t\t<div class=\"excerpt\"><p>Tracklist CLIPS: DIE BAR *** Anna Carena Mosler, Voges, DIE BAR *** Karl Bongartz UNTEN AM SEE*** Thomas Rabsch UNTEN AM SEE***Hagen Freigang HEUTE NACHT, DAS GANZE LEBEN*** Philip Lethen DIE BL\u00dcTEN*** Katja Vellmans, Andreas [&hellip;]<\/p>\n<\/div>\n\t\t\t\t\t\t\t\t<a class=\"more-button\" href=\"https:\/\/www.line1.de\/jansen\/2005\/10\/fuer-15-euro-nasses-hundekino-2004\/\">weiterlesen... <i><\/i><\/a>\t\t\t<\/article>\n\t\t\t\t\t\t\t\t<article class=\"grid-post post-921 post type-post status-publish format-standard has-post-thumbnail hentry category-singles category-voe post-with-thumbnail post-with-thumbnail-large\">\n\n\t\t\t\t\t\t\t\t\t<a class=\"grid-thumbnail\" href=\"https:\/\/www.line1.de\/jansen\/2004\/10\/heute-nacht\/\">\n\t\t\t\t\t\t<img loading=\"lazy\" decoding=\"async\" width=\"436\" height=\"272\" src=\"https:\/\/www.line1.de\/jansen\/wp-content\/uploads\/2004\/10\/nasse_hunde1-436x272.jpg\" class=\"attachment-vantage-grid-loop size-vantage-grid-loop wp-post-image\" alt=\"\" \/>\t\t\t\t\t<\/a>\n\t\t\t\t\n\t\t\t\t<h3><a href=\"https:\/\/www.line1.de\/jansen\/2004\/10\/heute-nacht\/\">Heute Nacht (Single, 2004)<\/a><\/h3>\n\t\t\t\t<div class=\"excerpt\"><p>Tracklist 01. Heute Nacht, ein ganzes Leben 02. Guten Morgen 03. Hase (so was in der Art) 04. Heute Nacht De Luxe Werbung Heute Nacht ein ganzes Leben Markus T\u00fcrk \u2013 Trompete, Posaune, Piano Philip [&hellip;]<\/p>\n<\/div>\n\t\t\t\t\t\t\t\t<a class=\"more-button\" href=\"https:\/\/www.line1.de\/jansen\/2004\/10\/heute-nacht\/\">weiterlesen... <i><\/i><\/a>\t\t\t<\/article>\n\t\t\t\t\t\t\t\t<article class=\"grid-post post-865 post type-post status-publish format-standard has-post-thumbnail hentry category-alben category-voe post-with-thumbnail post-with-thumbnail-large\">\n\n\t\t\t\t\t\t\t\t\t<a class=\"grid-thumbnail\" href=\"https:\/\/www.line1.de\/jansen\/2004\/10\/cd-fuer-10-euro-nasse-hunde-2004\/\">\n\t\t\t\t\t\t<img loading=\"lazy\" decoding=\"async\" width=\"436\" height=\"272\" src=\"https:\/\/www.line1.de\/jansen\/wp-content\/uploads\/2004\/10\/nassr-Hund1-436x272.jpg\" class=\"attachment-vantage-grid-loop size-vantage-grid-loop wp-post-image\" alt=\"\" \/>\t\t\t\t\t<\/a>\n\t\t\t\t\n\t\t\t\t<h3><a href=\"https:\/\/www.line1.de\/jansen\/2004\/10\/cd-fuer-10-euro-nasse-hunde-2004\/\">F\u00fcr 10 \u20ac nasse Hunde (Album, 2004)<\/a><\/h3>\n\t\t\t\t<div class=\"excerpt\"><p>Tracklist 01. Die Bar 02. Unten am See 03. Heute Nacht, ein ganzes Leben 04. Die Bl\u00fcten 05. Das kleine Universum 06. Phenomerone 07. Babel (Der Wolf) 08. Swingtod 09. Politiker 10. Die Axt hervor [&hellip;]<\/p>\n<\/div>\n\t\t\t\t\t\t\t\t<a class=\"more-button\" href=\"https:\/\/www.line1.de\/jansen\/2004\/10\/cd-fuer-10-euro-nasse-hunde-2004\/\">weiterlesen... <i><\/i><\/a>\t\t\t<\/article>\n\t\t\t<div class=\"clear\"><\/div>\t\t\t\t\t<article class=\"grid-post post-853 post type-post status-publish format-standard has-post-thumbnail hentry category-demos category-voe post-with-thumbnail post-with-thumbnail-large\">\n\n\t\t\t\t\t\t\t\t\t<a class=\"grid-thumbnail\" href=\"https:\/\/www.line1.de\/jansen\/2004\/10\/cd-iron-john\/\">\n\t\t\t\t\t\t<img loading=\"lazy\" decoding=\"async\" width=\"436\" height=\"272\" src=\"https:\/\/www.line1.de\/jansen\/wp-content\/uploads\/2014\/04\/iron-john-436x272.jpg\" class=\"attachment-vantage-grid-loop size-vantage-grid-loop wp-post-image\" alt=\"\" \/>\t\t\t\t\t<\/a>\n\t\t\t\t\n\t\t\t\t<h3><a href=\"https:\/\/www.line1.de\/jansen\/2004\/10\/cd-iron-john\/\">Iron John &#8211; das Musical (Album, 2004)<\/a><\/h3>\n\t\t\t\t<div class=\"excerpt\"><p>Tracklist 01. Guter K\u00f6nig, danke 02. Die Fabrik der Atheisten 03. Komaliebe 04. Das Wasser, mein Mann 05. Die kleinen Matrosen 06. Dein Knie geleckt 07. Weicher Mond 08. Instrumentaler 09. Wie es euch gef\u00e4llt [&hellip;]<\/p>\n<\/div>\n\t\t\t\t\t\t\t\t<a class=\"more-button\" href=\"https:\/\/www.line1.de\/jansen\/2004\/10\/cd-iron-john\/\">weiterlesen... <i><\/i><\/a>\t\t\t<\/article>\n\t\t\t\t\t\t\t\t<article class=\"grid-post post-879 post type-post status-publish format-standard has-post-thumbnail hentry category-singles category-voe post-with-thumbnail post-with-thumbnail-large\">\n\n\t\t\t\t\t\t\t\t\t<a class=\"grid-thumbnail\" href=\"https:\/\/www.line1.de\/jansen\/2001\/10\/muedigkeit-2001\/\">\n\t\t\t\t\t\t<img loading=\"lazy\" decoding=\"async\" width=\"436\" height=\"272\" src=\"https:\/\/www.line1.de\/jansen\/wp-content\/uploads\/2014\/10\/muede-436x272.jpg\" class=\"attachment-vantage-grid-loop size-vantage-grid-loop wp-post-image\" alt=\"\" \/>\t\t\t\t\t<\/a>\n\t\t\t\t\n\t\t\t\t<h3><a href=\"https:\/\/www.line1.de\/jansen\/2001\/10\/muedigkeit-2001\/\">M\u00fcdigkeit (Single, 2001)<\/a><\/h3>\n\t\t\t\t<div class=\"excerpt\"><p>Tracklist 01. M\u00fcdigkeit 02. Tote Hunde 03. Handyman 04. Ton Werbung M\u00fcdigkeit (2001) CD in limitierter Auflage Markus T\u00fcrk &#8211; Trompete, Brass Philip Lethen &#8211; Kontrabass, Stimme Frank Kaulhausen &#8211; Schlagzeug, Simmons Markus Maria &#8211; [&hellip;]<\/p>\n<\/div>\n\t\t\t\t\t\t\t\t<a class=\"more-button\" href=\"https:\/\/www.line1.de\/jansen\/2001\/10\/muedigkeit-2001\/\">weiterlesen... <i><\/i><\/a>\t\t\t<\/article>\n\t\t\t\t\t\t\t\t<article class=\"grid-post post-875 post type-post status-publish format-standard has-post-thumbnail hentry category-singles category-voe post-with-thumbnail post-with-thumbnail-large\">\n\n\t\t\t\t\t\t\t\t\t<a class=\"grid-thumbnail\" href=\"https:\/\/www.line1.de\/jansen\/2001\/10\/himmel-2001\/\">\n\t\t\t\t\t\t<img loading=\"lazy\" decoding=\"async\" width=\"436\" height=\"272\" src=\"https:\/\/www.line1.de\/jansen\/wp-content\/uploads\/2001\/10\/CD_Himmel_720x380-436x272.jpg\" class=\"attachment-vantage-grid-loop size-vantage-grid-loop wp-post-image\" alt=\"\" \/>\t\t\t\t\t<\/a>\n\t\t\t\t\n\t\t\t\t<h3><a href=\"https:\/\/www.line1.de\/jansen\/2001\/10\/himmel-2001\/\">Himmel, (2001)<\/a><\/h3>\n\t\t\t\t<div class=\"excerpt\"><p>Tracklist 01. Himmel 02. Allein im Hof(mathieumix) 03. H\u00f6her schneller weiter(colliemix) 04. Himmel (demo 1997) 05. Himmel (edit) Werbung Himmel (Promo) Markus T\u00fcrk &#8211; Trompete, Brass Philip Lethen &#8211; Kontrabass, Stimme Frank Kaulhausen &#8211; Schlagzeug, [&hellip;]<\/p>\n<\/div>\n\t\t\t\t\t\t\t\t<a class=\"more-button\" href=\"https:\/\/www.line1.de\/jansen\/2001\/10\/himmel-2001\/\">weiterlesen... <i><\/i><\/a>\t\t\t<\/article>\n\t\t\t\t\t\t\t\t<article class=\"grid-post post-846 post type-post status-publish format-standard has-post-thumbnail hentry category-alben category-voe post-with-thumbnail post-with-thumbnail-large\">\n\n\t\t\t\t\t\t\t\t\t<a class=\"grid-thumbnail\" href=\"https:\/\/www.line1.de\/jansen\/2001\/10\/cd-prepost-2001\/\">\n\t\t\t\t\t\t<img loading=\"lazy\" decoding=\"async\" width=\"436\" height=\"272\" src=\"https:\/\/www.line1.de\/jansen\/wp-content\/uploads\/2001\/10\/prepost21-436x272.jpg\" class=\"attachment-vantage-grid-loop size-vantage-grid-loop wp-post-image\" alt=\"\" \/>\t\t\t\t\t<\/a>\n\t\t\t\t\n\t\t\t\t<h3><a href=\"https:\/\/www.line1.de\/jansen\/2001\/10\/cd-prepost-2001\/\">Prepost (Album, 2001)<\/a><\/h3>\n\t\t\t\t<div class=\"excerpt\"><p>Tracklist 01 M\u00fcedigkeit 02 Bazar der Worte 03 Die Unschuldigen 04 Ein gutes Leben 05 Elektromops 06 Die stimme der Vernunft 07 Revolutionaer 08 Taub, stumm und blind 09 Das werk 10 Himmel 11 Allein [&hellip;]<\/p>\n<\/div>\n\t\t\t\t\t\t\t\t<a class=\"more-button\" href=\"https:\/\/www.line1.de\/jansen\/2001\/10\/cd-prepost-2001\/\">weiterlesen... <i><\/i><\/a>\t\t\t<\/article>\n\t\t\t\t\t\t\t\t<article class=\"grid-post post-806 post type-post status-publish format-standard has-post-thumbnail hentry category-alben category-voe post-with-thumbnail post-with-thumbnail-large\">\n\n\t\t\t\t\t\t\t\t\t<a class=\"grid-thumbnail\" href=\"https:\/\/www.line1.de\/jansen\/1998\/10\/cd-jansen-1998\/\">\n\t\t\t\t\t\t<img loading=\"lazy\" decoding=\"async\" width=\"436\" height=\"272\" src=\"https:\/\/www.line1.de\/jansen\/wp-content\/uploads\/2014\/08\/jansen-436x272.png\" class=\"attachment-vantage-grid-loop size-vantage-grid-loop wp-post-image\" alt=\"\" \/>\t\t\t\t\t<\/a>\n\t\t\t\t\n\t\t\t\t<h3><a href=\"https:\/\/www.line1.de\/jansen\/1998\/10\/cd-jansen-1998\/\">JANSEN (Debut,1998)<\/a><\/h3>\n\t\t\t\t<div class=\"excerpt\"><p>Tracklist 01 Das Auge im Hinterkopf 02 Der Geb\u00e4rdensachverst\u00e4ndige 03 H\u00f6her schneller weiter 04 Das Haus von Charles Wilp 05 Erbeerparadies 06 Das erste Liebeslied 07 Italien Texas 08 Moralin 09 Das erste Liebeslied 10 [&hellip;]<\/p>\n<\/div>\n\t\t\t\t\t\t\t\t<a class=\"more-button\" href=\"https:\/\/www.line1.de\/jansen\/1998\/10\/cd-jansen-1998\/\">weiterlesen... <i><\/i><\/a>\t\t\t<\/article>\n\t\t\t<div class=\"clear\"><\/div>\t\t\t<\/div>\n\n\t\n<\/div><\/div><\/div><\/div>","protected":false},"excerpt":{"rendered":"<p>Ver\u00f6ffentlichungen Baby Beuys und die R\u00fccksichtslosigkeit der Hasen (Album, 2020) Der Lockdown im Fr\u00fchjahr hat im Frontman von M. Walking On The Water und JANSEN\u00a0 ganz neue k\u00fcnstlerische Aspekte als Musiker, S\u00e4nger, Texter und bildender [&hellip;]<\/p>\n","protected":false},"author":1,"featured_media":0,"parent":1206,"menu_order":0,"comment_status":"closed","ping_status":"closed","template":"home-panels.php","meta":{"cybocfi_hide_featured_image":"","footnotes":""},"class_list":["post-1689","page","type-page","status-publish","hentry","post"],"yoast_head":"<!-- This site is optimized with the Yoast SEO plugin v27.4 - https:\/\/yoast.com\/product\/yoast-seo-wordpress\/ -->\n<title>Audio ~ www.jansennetz.de<\/title>\n<meta name=\"robots\" content=\"index, follow, max-snippet:-1, max-image-preview:large, max-video-preview:-1\" \/>\n<link rel=\"canonical\" href=\"https:\/\/www.line1.de\/jansen\/media-2\/audio\/audio\/\" \/>\n<meta property=\"og:locale\" content=\"de_DE\" \/>\n<meta property=\"og:type\" content=\"article\" \/>\n<meta property=\"og:title\" content=\"Audio ~ www.jansennetz.de\" \/>\n<meta property=\"og:description\" content=\"Ver\u00f6ffentlichungen Baby Beuys und die R\u00fccksichtslosigkeit der Hasen (Album, 2020) Der Lockdown im Fr\u00fchjahr hat im Frontman von M. Walking On The Water und JANSEN\u00a0 ganz neue k\u00fcnstlerische Aspekte als Musiker, S\u00e4nger, Texter und bildender [&hellip;]\" \/>\n<meta property=\"og:url\" content=\"https:\/\/www.line1.de\/jansen\/media-2\/audio\/audio\/\" \/>\n<meta property=\"og:site_name\" content=\"www.jansennetz.de\" \/>\n<meta property=\"article:modified_time\" content=\"2025-09-25T12:45:05+00:00\" \/>\n<meta property=\"og:image\" content=\"https:\/\/www.line1.de\/jansen\/wp-content\/uploads\/2019\/10\/Jansen-03-10-2019-Haus-Esters-Krefeld.jpg\" \/>\n\t<meta property=\"og:image:width\" content=\"2048\" \/>\n\t<meta property=\"og:image:height\" content=\"1365\" \/>\n\t<meta property=\"og:image:type\" content=\"image\/jpeg\" \/>\n<meta name=\"twitter:card\" content=\"summary_large_image\" \/>\n<script type=\"application\/ld+json\" class=\"yoast-schema-graph\">{\"@context\":\"https:\\\/\\\/schema.org\",\"@graph\":[{\"@type\":\"WebPage\",\"@id\":\"https:\\\/\\\/www.line1.de\\\/jansen\\\/media-2\\\/audio\\\/audio\\\/\",\"url\":\"https:\\\/\\\/www.line1.de\\\/jansen\\\/media-2\\\/audio\\\/audio\\\/\",\"name\":\"Audio ~ www.jansennetz.de\",\"isPartOf\":{\"@id\":\"https:\\\/\\\/www.line1.de\\\/jansen\\\/#website\"},\"datePublished\":\"2014-12-22T09:47:04+00:00\",\"dateModified\":\"2025-09-25T12:45:05+00:00\",\"breadcrumb\":{\"@id\":\"https:\\\/\\\/www.line1.de\\\/jansen\\\/media-2\\\/audio\\\/audio\\\/#breadcrumb\"},\"inLanguage\":\"de\",\"potentialAction\":[{\"@type\":\"ReadAction\",\"target\":[\"https:\\\/\\\/www.line1.de\\\/jansen\\\/media-2\\\/audio\\\/audio\\\/\"]}]},{\"@type\":\"BreadcrumbList\",\"@id\":\"https:\\\/\\\/www.line1.de\\\/jansen\\\/media-2\\\/audio\\\/audio\\\/#breadcrumb\",\"itemListElement\":[{\"@type\":\"ListItem\",\"position\":1,\"name\":\"Startseite\",\"item\":\"https:\\\/\\\/www.line1.de\\\/jansen\\\/\"},{\"@type\":\"ListItem\",\"position\":2,\"name\":\"Media\",\"item\":\"https:\\\/\\\/www.line1.de\\\/jansen\\\/media-2\\\/\"},{\"@type\":\"ListItem\",\"position\":3,\"name\":\"Scheiben\",\"item\":\"https:\\\/\\\/www.line1.de\\\/jansen\\\/media-2\\\/audio\\\/\"},{\"@type\":\"ListItem\",\"position\":4,\"name\":\"Audio\"}]},{\"@type\":\"WebSite\",\"@id\":\"https:\\\/\\\/www.line1.de\\\/jansen\\\/#website\",\"url\":\"https:\\\/\\\/www.line1.de\\\/jansen\\\/\",\"name\":\"www.jansennetz.de\",\"description\":\"www.jansennetz.de\",\"potentialAction\":[{\"@type\":\"SearchAction\",\"target\":{\"@type\":\"EntryPoint\",\"urlTemplate\":\"https:\\\/\\\/www.line1.de\\\/jansen\\\/?s={search_term_string}\"},\"query-input\":{\"@type\":\"PropertyValueSpecification\",\"valueRequired\":true,\"valueName\":\"search_term_string\"}}],\"inLanguage\":\"de\"}]}<\/script>\n<!-- \/ Yoast SEO plugin. -->","yoast_head_json":{"title":"Audio ~ www.jansennetz.de","robots":{"index":"index","follow":"follow","max-snippet":"max-snippet:-1","max-image-preview":"max-image-preview:large","max-video-preview":"max-video-preview:-1"},"canonical":"https:\/\/www.line1.de\/jansen\/media-2\/audio\/audio\/","og_locale":"de_DE","og_type":"article","og_title":"Audio ~ www.jansennetz.de","og_description":"Ver\u00f6ffentlichungen Baby Beuys und die R\u00fccksichtslosigkeit der Hasen (Album, 2020) Der Lockdown im Fr\u00fchjahr hat im Frontman von M. Walking On The Water und JANSEN\u00a0 ganz neue k\u00fcnstlerische Aspekte als Musiker, S\u00e4nger, Texter und bildender [&hellip;]","og_url":"https:\/\/www.line1.de\/jansen\/media-2\/audio\/audio\/","og_site_name":"www.jansennetz.de","article_modified_time":"2025-09-25T12:45:05+00:00","og_image":[{"width":2048,"height":1365,"url":"https:\/\/www.line1.de\/jansen\/wp-content\/uploads\/2019\/10\/Jansen-03-10-2019-Haus-Esters-Krefeld.jpg","type":"image\/jpeg"}],"twitter_card":"summary_large_image","schema":{"@context":"https:\/\/schema.org","@graph":[{"@type":"WebPage","@id":"https:\/\/www.line1.de\/jansen\/media-2\/audio\/audio\/","url":"https:\/\/www.line1.de\/jansen\/media-2\/audio\/audio\/","name":"Audio ~ www.jansennetz.de","isPartOf":{"@id":"https:\/\/www.line1.de\/jansen\/#website"},"datePublished":"2014-12-22T09:47:04+00:00","dateModified":"2025-09-25T12:45:05+00:00","breadcrumb":{"@id":"https:\/\/www.line1.de\/jansen\/media-2\/audio\/audio\/#breadcrumb"},"inLanguage":"de","potentialAction":[{"@type":"ReadAction","target":["https:\/\/www.line1.de\/jansen\/media-2\/audio\/audio\/"]}]},{"@type":"BreadcrumbList","@id":"https:\/\/www.line1.de\/jansen\/media-2\/audio\/audio\/#breadcrumb","itemListElement":[{"@type":"ListItem","position":1,"name":"Startseite","item":"https:\/\/www.line1.de\/jansen\/"},{"@type":"ListItem","position":2,"name":"Media","item":"https:\/\/www.line1.de\/jansen\/media-2\/"},{"@type":"ListItem","position":3,"name":"Scheiben","item":"https:\/\/www.line1.de\/jansen\/media-2\/audio\/"},{"@type":"ListItem","position":4,"name":"Audio"}]},{"@type":"WebSite","@id":"https:\/\/www.line1.de\/jansen\/#website","url":"https:\/\/www.line1.de\/jansen\/","name":"www.jansennetz.de","description":"www.jansennetz.de","potentialAction":[{"@type":"SearchAction","target":{"@type":"EntryPoint","urlTemplate":"https:\/\/www.line1.de\/jansen\/?s={search_term_string}"},"query-input":{"@type":"PropertyValueSpecification","valueRequired":true,"valueName":"search_term_string"}}],"inLanguage":"de"}]}},"_links":{"self":[{"href":"https:\/\/www.line1.de\/jansen\/wp-json\/wp\/v2\/pages\/1689","targetHints":{"allow":["GET"]}}],"collection":[{"href":"https:\/\/www.line1.de\/jansen\/wp-json\/wp\/v2\/pages"}],"about":[{"href":"https:\/\/www.line1.de\/jansen\/wp-json\/wp\/v2\/types\/page"}],"author":[{"embeddable":true,"href":"https:\/\/www.line1.de\/jansen\/wp-json\/wp\/v2\/users\/1"}],"replies":[{"embeddable":true,"href":"https:\/\/www.line1.de\/jansen\/wp-json\/wp\/v2\/comments?post=1689"}],"version-history":[{"count":4,"href":"https:\/\/www.line1.de\/jansen\/wp-json\/wp\/v2\/pages\/1689\/revisions"}],"predecessor-version":[{"id":3736,"href":"https:\/\/www.line1.de\/jansen\/wp-json\/wp\/v2\/pages\/1689\/revisions\/3736"}],"up":[{"embeddable":true,"href":"https:\/\/www.line1.de\/jansen\/wp-json\/wp\/v2\/pages\/1206"}],"wp:attachment":[{"href":"https:\/\/www.line1.de\/jansen\/wp-json\/wp\/v2\/media?parent=1689"}],"curies":[{"name":"wp","href":"https:\/\/api.w.org\/{rel}","templated":true}]}}