{"id":1058,"date":"2014-10-09T13:56:27","date_gmt":"2014-10-09T11:56:27","guid":{"rendered":"http:\/\/www.line1.de\/jansen\/?page_id=1058"},"modified":"2018-03-27T14:09:03","modified_gmt":"2018-03-27T12:09:03","slug":"bio","status":"publish","type":"page","link":"https:\/\/www.line1.de\/jansen\/bio\/","title":{"rendered":"Bio"},"content":{"rendered":"<p><img decoding=\"async\" src=\"http:\/\/www.line1.de\/jansen\/wp-content\/uploads\/2014\/10\/liege.jpg\" alt=\"\" \/><br \/>\n<small>Foto: Philip Lethen<\/small><br \/>\n<strong><span style=\"font-size: large;\">JANSEN<br \/>\n<\/span><\/strong><br \/>\n1998 gr\u00fcndete <b>Markus Maria <\/b>, EX-Mastermind der legend\u00e4ren <b>M. Walking On The Water<\/b>, die Band <b><\/b>. Markus Maria  pr\u00e4sentierte mit  ein eigenwilliges Konzept: \u201e<i>Musik, die schr\u00e4g, sch\u00f6n, sentimental und b\u00f6se ist, mit Sprechgesang, Melodien, Geschrei, Chaos und rauhem Pop im Jazz-Ambiente, mit super- guten Fehlern und deutschen Texten mit Abenteuern, Poesie, Liebe, Trotz und Quatsch<\/i>.\u201c Vor der Ver\u00f6ffentlichung des Debutalbums hatte  bereits die Musik f\u00fcr den Film <b>Erntezeit<\/b> von <b>Stefan Schneider<\/b> beigesteuert. Im September 1998 wurde  in dem <b>Fachblatt Musimagazin<\/b> als <b>Gruppe des Monats<\/b> vorgestellt. F\u00fcr die 2001 ver\u00f6ffentlichte Maxi &#8222;<b>Himmel<\/b>&#8220; konnte  <b>Sven Regener<\/b> von <b>Element Of Crime<\/b> als Produzenten gewinnen. <b>Sven Regener<\/b> war zu dieser Zeit als Gastmusiker auch bei einigen legend\u00e4ren Konzerten in der Krefelder Rotlichtszene dabei. (Wer erinnert sich nicht gerne an die Konzerte bei &#8222;Madame Kokett&#8220;). 2004 ver\u00f6ffentlichte  die CD &#8222;<b>F\u00fcr 10 Euro nasse Hunde<\/b>&#8222;. Der Titel war Programm, denn Markus Maria  diktierte der Plattenfirma den Preis auf. Diese CD durfte nicht mehr als 10,00 Euro im Handel kosten. Dementsprechend wurde der HAP (H\u00e4ndlerabgabepreis) angepasst, so dass diese CD f\u00fcr den Kunden eine echte Alternative zu Downloadversionen war und immer noch ist. Analog dazu erschien im gleichen Jahr die von Kritikern hoch bewerterte DVD f\u00fcr &#8222;<b>15 Euro nasses Hundekino<\/b>&#8222;. Am 21. April 2018 &#8211; zum &#8222;Record Store Day &#8211; ver\u00f6ffentlicht Jansen das stark limitierte Album &#8222;Die Unschuld der Geb\u00e4ude&#8220; auf Vinyl.<\/p>\n<p>(M.M. JANSEN &#8211; Biografie bei <a title=\"@wikipedia\" href=\"https:\/\/de.wikipedia.org\/wiki\/Markus_Maria_Jansen\" target=\"_blank\">Wikipedia<\/a>.)<\/p>\n","protected":false},"excerpt":{"rendered":"<p>Foto: Philip Lethen JANSEN 1998 gr\u00fcndete Markus Maria , EX-Mastermind der legend\u00e4ren M. Walking On The Water, die Band . Markus Maria pr\u00e4sentierte mit ein eigenwilliges Konzept: \u201eMusik, die schr\u00e4g, sch\u00f6n, sentimental und b\u00f6se ist, [&hellip;]<\/p>\n","protected":false},"author":1,"featured_media":0,"parent":0,"menu_order":0,"comment_status":"open","ping_status":"open","template":"home-panels.php","meta":{"cybocfi_hide_featured_image":"","footnotes":""},"class_list":["post-1058","page","type-page","status-publish","hentry","post"],"yoast_head":"<!-- This site is optimized with the Yoast SEO plugin v27.5 - https:\/\/yoast.com\/product\/yoast-seo-wordpress\/ -->\n<title>Bio ~ www.jansennetz.de<\/title>\n<meta name=\"robots\" content=\"index, follow, max-snippet:-1, max-image-preview:large, max-video-preview:-1\" \/>\n<link rel=\"canonical\" href=\"https:\/\/www.line1.de\/jansen\/bio\/\" \/>\n<meta property=\"og:locale\" content=\"de_DE\" \/>\n<meta property=\"og:type\" content=\"article\" \/>\n<meta property=\"og:title\" content=\"Bio ~ www.jansennetz.de\" \/>\n<meta property=\"og:description\" content=\"Foto: Philip Lethen JANSEN 1998 gr\u00fcndete Markus Maria , EX-Mastermind der legend\u00e4ren M. Walking On The Water, die Band . Markus Maria pr\u00e4sentierte mit ein eigenwilliges Konzept: \u201eMusik, die schr\u00e4g, sch\u00f6n, sentimental und b\u00f6se ist, [&hellip;]\" \/>\n<meta property=\"og:url\" content=\"https:\/\/www.line1.de\/jansen\/bio\/\" \/>\n<meta property=\"og:site_name\" content=\"www.jansennetz.de\" \/>\n<meta property=\"article:modified_time\" content=\"2018-03-27T12:09:03+00:00\" \/>\n<meta property=\"og:image\" content=\"http:\/\/www.line1.de\/jansen\/wp-content\/uploads\/2014\/10\/liege.jpg\" \/>\n<meta name=\"twitter:card\" content=\"summary_large_image\" \/>\n<meta name=\"twitter:label1\" content=\"Gesch\u00e4tzte Lesezeit\" \/>\n\t<meta name=\"twitter:data1\" content=\"1\u00a0Minute\" \/>\n<script type=\"application\/ld+json\" class=\"yoast-schema-graph\">{\"@context\":\"https:\\\/\\\/schema.org\",\"@graph\":[{\"@type\":\"WebPage\",\"@id\":\"https:\\\/\\\/www.line1.de\\\/jansen\\\/bio\\\/\",\"url\":\"https:\\\/\\\/www.line1.de\\\/jansen\\\/bio\\\/\",\"name\":\"Bio ~ www.jansennetz.de\",\"isPartOf\":{\"@id\":\"https:\\\/\\\/www.line1.de\\\/jansen\\\/#website\"},\"primaryImageOfPage\":{\"@id\":\"https:\\\/\\\/www.line1.de\\\/jansen\\\/bio\\\/#primaryimage\"},\"image\":{\"@id\":\"https:\\\/\\\/www.line1.de\\\/jansen\\\/bio\\\/#primaryimage\"},\"thumbnailUrl\":\"http:\\\/\\\/www.line1.de\\\/jansen\\\/wp-content\\\/uploads\\\/2014\\\/10\\\/liege.jpg\",\"datePublished\":\"2014-10-09T11:56:27+00:00\",\"dateModified\":\"2018-03-27T12:09:03+00:00\",\"breadcrumb\":{\"@id\":\"https:\\\/\\\/www.line1.de\\\/jansen\\\/bio\\\/#breadcrumb\"},\"inLanguage\":\"de\",\"potentialAction\":[{\"@type\":\"ReadAction\",\"target\":[\"https:\\\/\\\/www.line1.de\\\/jansen\\\/bio\\\/\"]}]},{\"@type\":\"ImageObject\",\"inLanguage\":\"de\",\"@id\":\"https:\\\/\\\/www.line1.de\\\/jansen\\\/bio\\\/#primaryimage\",\"url\":\"https:\\\/\\\/www.line1.de\\\/jansen\\\/wp-content\\\/uploads\\\/2014\\\/10\\\/liege.jpg\",\"contentUrl\":\"https:\\\/\\\/www.line1.de\\\/jansen\\\/wp-content\\\/uploads\\\/2014\\\/10\\\/liege.jpg\",\"width\":1080,\"height\":540},{\"@type\":\"BreadcrumbList\",\"@id\":\"https:\\\/\\\/www.line1.de\\\/jansen\\\/bio\\\/#breadcrumb\",\"itemListElement\":[{\"@type\":\"ListItem\",\"position\":1,\"name\":\"Startseite\",\"item\":\"https:\\\/\\\/www.line1.de\\\/jansen\\\/\"},{\"@type\":\"ListItem\",\"position\":2,\"name\":\"Bio\"}]},{\"@type\":\"WebSite\",\"@id\":\"https:\\\/\\\/www.line1.de\\\/jansen\\\/#website\",\"url\":\"https:\\\/\\\/www.line1.de\\\/jansen\\\/\",\"name\":\"www.jansennetz.de\",\"description\":\"www.jansennetz.de\",\"potentialAction\":[{\"@type\":\"SearchAction\",\"target\":{\"@type\":\"EntryPoint\",\"urlTemplate\":\"https:\\\/\\\/www.line1.de\\\/jansen\\\/?s={search_term_string}\"},\"query-input\":{\"@type\":\"PropertyValueSpecification\",\"valueRequired\":true,\"valueName\":\"search_term_string\"}}],\"inLanguage\":\"de\"}]}<\/script>\n<!-- \/ Yoast SEO plugin. -->","yoast_head_json":{"title":"Bio ~ www.jansennetz.de","robots":{"index":"index","follow":"follow","max-snippet":"max-snippet:-1","max-image-preview":"max-image-preview:large","max-video-preview":"max-video-preview:-1"},"canonical":"https:\/\/www.line1.de\/jansen\/bio\/","og_locale":"de_DE","og_type":"article","og_title":"Bio ~ www.jansennetz.de","og_description":"Foto: Philip Lethen JANSEN 1998 gr\u00fcndete Markus Maria , EX-Mastermind der legend\u00e4ren M. Walking On The Water, die Band . Markus Maria pr\u00e4sentierte mit ein eigenwilliges Konzept: \u201eMusik, die schr\u00e4g, sch\u00f6n, sentimental und b\u00f6se ist, [&hellip;]","og_url":"https:\/\/www.line1.de\/jansen\/bio\/","og_site_name":"www.jansennetz.de","article_modified_time":"2018-03-27T12:09:03+00:00","og_image":[{"url":"http:\/\/www.line1.de\/jansen\/wp-content\/uploads\/2014\/10\/liege.jpg","type":"","width":"","height":""}],"twitter_card":"summary_large_image","twitter_misc":{"Gesch\u00e4tzte Lesezeit":"1\u00a0Minute"},"schema":{"@context":"https:\/\/schema.org","@graph":[{"@type":"WebPage","@id":"https:\/\/www.line1.de\/jansen\/bio\/","url":"https:\/\/www.line1.de\/jansen\/bio\/","name":"Bio ~ www.jansennetz.de","isPartOf":{"@id":"https:\/\/www.line1.de\/jansen\/#website"},"primaryImageOfPage":{"@id":"https:\/\/www.line1.de\/jansen\/bio\/#primaryimage"},"image":{"@id":"https:\/\/www.line1.de\/jansen\/bio\/#primaryimage"},"thumbnailUrl":"http:\/\/www.line1.de\/jansen\/wp-content\/uploads\/2014\/10\/liege.jpg","datePublished":"2014-10-09T11:56:27+00:00","dateModified":"2018-03-27T12:09:03+00:00","breadcrumb":{"@id":"https:\/\/www.line1.de\/jansen\/bio\/#breadcrumb"},"inLanguage":"de","potentialAction":[{"@type":"ReadAction","target":["https:\/\/www.line1.de\/jansen\/bio\/"]}]},{"@type":"ImageObject","inLanguage":"de","@id":"https:\/\/www.line1.de\/jansen\/bio\/#primaryimage","url":"https:\/\/www.line1.de\/jansen\/wp-content\/uploads\/2014\/10\/liege.jpg","contentUrl":"https:\/\/www.line1.de\/jansen\/wp-content\/uploads\/2014\/10\/liege.jpg","width":1080,"height":540},{"@type":"BreadcrumbList","@id":"https:\/\/www.line1.de\/jansen\/bio\/#breadcrumb","itemListElement":[{"@type":"ListItem","position":1,"name":"Startseite","item":"https:\/\/www.line1.de\/jansen\/"},{"@type":"ListItem","position":2,"name":"Bio"}]},{"@type":"WebSite","@id":"https:\/\/www.line1.de\/jansen\/#website","url":"https:\/\/www.line1.de\/jansen\/","name":"www.jansennetz.de","description":"www.jansennetz.de","potentialAction":[{"@type":"SearchAction","target":{"@type":"EntryPoint","urlTemplate":"https:\/\/www.line1.de\/jansen\/?s={search_term_string}"},"query-input":{"@type":"PropertyValueSpecification","valueRequired":true,"valueName":"search_term_string"}}],"inLanguage":"de"}]}},"_links":{"self":[{"href":"https:\/\/www.line1.de\/jansen\/wp-json\/wp\/v2\/pages\/1058","targetHints":{"allow":["GET"]}}],"collection":[{"href":"https:\/\/www.line1.de\/jansen\/wp-json\/wp\/v2\/pages"}],"about":[{"href":"https:\/\/www.line1.de\/jansen\/wp-json\/wp\/v2\/types\/page"}],"author":[{"embeddable":true,"href":"https:\/\/www.line1.de\/jansen\/wp-json\/wp\/v2\/users\/1"}],"replies":[{"embeddable":true,"href":"https:\/\/www.line1.de\/jansen\/wp-json\/wp\/v2\/comments?post=1058"}],"version-history":[{"count":0,"href":"https:\/\/www.line1.de\/jansen\/wp-json\/wp\/v2\/pages\/1058\/revisions"}],"wp:attachment":[{"href":"https:\/\/www.line1.de\/jansen\/wp-json\/wp\/v2\/media?parent=1058"}],"curies":[{"name":"wp","href":"https:\/\/api.w.org\/{rel}","templated":true}]}}